{"id":25,"date":"2011-11-08T19:27:55","date_gmt":"2011-11-08T18:27:55","guid":{"rendered":"http:\/\/myhelvetia.com\/?page_id=25"},"modified":"2014-05-15T08:03:59","modified_gmt":"2014-05-15T06:03:59","slug":"registrierung","status":"publish","type":"page","link":"https:\/\/myhelvetia.com\/?page_id=25","title":{"rendered":"Registrierung"},"content":{"rendered":"<p>Wenn du zu meinem Freundeskreis oder Familie geh\u00f6rst und gerne auch auf die privaten, etwas pers\u00f6nlicheren Beitr\u00e4ge wie Urlaubsberichte mit Bildern etc. Zugriff haben m\u00f6chtest, dann registrier dich\u00a0doch bitte als Benutzer\u00a0indem du hier <a href=\"http:\/\/trans4mate.ch\/myhelvetia\/?page_id=25&amp;action=register&amp;instance=1\">klickst<\/a> and dann <del>rechts<\/del>\u00a0links nebenan deine Angaben machst.<\/p>\n<p>Das sieht dann folgendermassen aus, die hier blau markierten Felder musst du ausf\u00fcllen, und schlussendlich auf &#8222;Registrieren&#8220; (hier rot markiert) dr\u00fccken:<br \/>\n<a href=\"http:\/\/trans4mate.ch\/myhelvetia\/?page_id=25&amp;action=register&amp;instance=1\"><img loading=\"lazy\" decoding=\"async\" class=\"alignnone size-full wp-image-156\" title=\"Registrierung\" src=\"http:\/\/trans4mate.ch\/myhelvetia\/wp-content\/uploads\/2011\/11\/reg.jpg\" alt=\"\" width=\"287\" height=\"240\" \/><\/a><br \/>\nDeinen Benutzernamen kannst du selber w\u00e4hlen, es w\u00e4re aber sch\u00f6n wenn die Anderen dich unter Diesem auch irgenwie erkennen k\u00f6nnten. Dei E-Mail Adresse sollte schon stimmen, denn da hin kriegst du die Aktivierungsmeldung.<br \/>\nDas frei w\u00e4hlbare Kennwort musst\u00a0mindestens 6 Zeichen lang sein.<\/p>\n<p>Bevor dein Benutzer jedoch aktiviert wird, erlaube ich mir jedoch kurz pers\u00f6nlich zu \u00fcberpr\u00fcfen ob ich damit auch wirklich einverstanden bin &#8230; es k\u00f6nnt ja jeder kommen !\u00a0Du musst also warten bis du meine\u00a0Best\u00e4tigungs-Email an deine eingegebene Adresse\u00a0erhalten hast.<\/p>\n<p>Danach ist aber alles erledigt und du hast Zugang. Einfach beim n\u00e4chsten Besuch des Blogs\u00a0mit deinem Benutzer rechts oben anmelden. Wenn du dazu noch &#8222;Eingabe merken&#8220; selektierst, dann bleibst du auch f\u00fcr die kommenden Wochen angemeldet und musst nicht jedesmal Benutzer und Kennwort angeben.<br \/>\nDas geht dann Beispielsweise so:<br \/>\n<img loading=\"lazy\" decoding=\"async\" class=\"alignnone size-full wp-image-157\" title=\"Einloggen\" src=\"http:\/\/trans4mate.ch\/myhelvetia\/wp-content\/uploads\/2011\/11\/log.jpg\" alt=\"\" width=\"287\" height=\"240\" \/><\/p>\n","protected":false},"excerpt":{"rendered":"<p>Wenn du zu meinem Freundeskreis oder Familie geh\u00f6rst und gerne auch auf die privaten, etwas pers\u00f6nlicheren Beitr\u00e4ge wie Urlaubsberichte mit Bildern etc. Zugriff haben m\u00f6chtest, dann registrier dich\u00a0doch bitte als Benutzer\u00a0indem du hier klickst and dann rechts\u00a0links nebenan deine Angaben machst. Das sieht dann folgendermassen aus, die hier blau markierten Felder musst du ausf\u00fcllen, und &hellip; <a href=\"https:\/\/myhelvetia.com\/?page_id=25\" class=\"more-link\"><span class=\"screen-reader-text\">Registrierung<\/span> weiterlesen <span class=\"meta-nav\">&rarr;<\/span><\/a><\/p>\n","protected":false},"author":6,"featured_media":0,"parent":0,"menu_order":9,"comment_status":"closed","ping_status":"closed","template":"","meta":{"ngg_post_thumbnail":0,"footnotes":""},"class_list":["post-25","page","type-page","status-publish","hentry"],"_links":{"self":[{"href":"https:\/\/myhelvetia.com\/index.php?rest_route=\/wp\/v2\/pages\/25","targetHints":{"allow":["GET"]}}],"collection":[{"href":"https:\/\/myhelvetia.com\/index.php?rest_route=\/wp\/v2\/pages"}],"about":[{"href":"https:\/\/myhelvetia.com\/index.php?rest_route=\/wp\/v2\/types\/page"}],"author":[{"embeddable":true,"href":"https:\/\/myhelvetia.com\/index.php?rest_route=\/wp\/v2\/users\/6"}],"replies":[{"embeddable":true,"href":"https:\/\/myhelvetia.com\/index.php?rest_route=%2Fwp%2Fv2%2Fcomments&post=25"}],"version-history":[{"count":20,"href":"https:\/\/myhelvetia.com\/index.php?rest_route=\/wp\/v2\/pages\/25\/revisions"}],"predecessor-version":[{"id":616,"href":"https:\/\/myhelvetia.com\/index.php?rest_route=\/wp\/v2\/pages\/25\/revisions\/616"}],"wp:attachment":[{"href":"https:\/\/myhelvetia.com\/index.php?rest_route=%2Fwp%2Fv2%2Fmedia&parent=25"}],"curies":[{"name":"wp","href":"https:\/\/api.w.org\/{rel}","templated":true}]}}