{"id":21,"date":"2011-11-08T19:06:29","date_gmt":"2011-11-08T18:06:29","guid":{"rendered":"http:\/\/myhelvetia.com\/?page_id=21"},"modified":"2014-02-10T09:43:07","modified_gmt":"2014-02-10T08:43:07","slug":"worum-gehts","status":"publish","type":"page","link":"https:\/\/myhelvetia.com\/?page_id=21","title":{"rendered":"Worum geht&#8217;s ?"},"content":{"rendered":"<p><span style=\"line-height: 1.5;\">Fr\u00fcher habe ich mal Blog in einer geschlossenen Benutzergruppe geschrieben, noch vor dem Facebook-Boom. Das laufende\u00a0Einchecken und Status updaten hat mich aber dazu verleitet dies nicht mehr zu tun. Ich hab&#8217;s danach nochmal, mit der Erstversion von &#8222;my Helvetia&#8220; versucht aber bloss ein Jahr durchgehalten.\u00a0<\/span><\/p>\n<p>Aus aktuellem Anlass, dem f\u00fcr die Schweiz hoffentlich historischem Datum 9.2.2014 und der sehr passenden Dom\u00e4ne, ein Neuanfang.<\/p>\n<p>Also:<br \/>\nNeubegin Blog.<br \/>\nHalb\u00f6ffentlich, mit Beitr\u00e4gen f\u00fcr die breite \u00d6ffentlichkeit zug\u00e4nglich und solche die bloss in den Familen- und Freundeskreis geh\u00f6ren. Diese kriegt dann nur zu sehen wer auch registriert und angemeldet ist.<\/p>\n<p>Der Name &#8218;my Helvetia&#8216;:<br \/>\nNa, ich lebe seit 5 Jahren\u00a0wieder in der Schweiz und geniesse\u00a0seither jeden Tag den ich hier bin. Meine Schweiz also. So wie ich sie sehe, erlebe, empfinde &#8211; mit allem Positiven und Negativen.<\/p>\n","protected":false},"excerpt":{"rendered":"<p>Fr\u00fcher habe ich mal Blog in einer geschlossenen Benutzergruppe geschrieben, noch vor dem Facebook-Boom. Das laufende\u00a0Einchecken und Status updaten hat mich aber dazu verleitet dies nicht mehr zu tun. Ich hab&#8217;s danach nochmal, mit der Erstversion von &#8222;my Helvetia&#8220; versucht aber bloss ein Jahr durchgehalten.\u00a0 Aus aktuellem Anlass, dem f\u00fcr die Schweiz hoffentlich historischem Datum &hellip; <a href=\"https:\/\/myhelvetia.com\/?page_id=21\" class=\"more-link\"><span class=\"screen-reader-text\">Worum geht&#8217;s ?<\/span> weiterlesen <span class=\"meta-nav\">&rarr;<\/span><\/a><\/p>\n","protected":false},"author":6,"featured_media":0,"parent":0,"menu_order":0,"comment_status":"closed","ping_status":"closed","template":"","meta":{"ngg_post_thumbnail":0,"footnotes":""},"class_list":["post-21","page","type-page","status-publish","hentry"],"_links":{"self":[{"href":"https:\/\/myhelvetia.com\/index.php?rest_route=\/wp\/v2\/pages\/21","targetHints":{"allow":["GET"]}}],"collection":[{"href":"https:\/\/myhelvetia.com\/index.php?rest_route=\/wp\/v2\/pages"}],"about":[{"href":"https:\/\/myhelvetia.com\/index.php?rest_route=\/wp\/v2\/types\/page"}],"author":[{"embeddable":true,"href":"https:\/\/myhelvetia.com\/index.php?rest_route=\/wp\/v2\/users\/6"}],"replies":[{"embeddable":true,"href":"https:\/\/myhelvetia.com\/index.php?rest_route=%2Fwp%2Fv2%2Fcomments&post=21"}],"version-history":[{"count":9,"href":"https:\/\/myhelvetia.com\/index.php?rest_route=\/wp\/v2\/pages\/21\/revisions"}],"predecessor-version":[{"id":579,"href":"https:\/\/myhelvetia.com\/index.php?rest_route=\/wp\/v2\/pages\/21\/revisions\/579"}],"wp:attachment":[{"href":"https:\/\/myhelvetia.com\/index.php?rest_route=%2Fwp%2Fv2%2Fmedia&parent=21"}],"curies":[{"name":"wp","href":"https:\/\/api.w.org\/{rel}","templated":true}]}}